{"id":57,"date":"2025-06-18T08:30:42","date_gmt":"2025-06-18T06:30:42","guid":{"rendered":"https:\/\/electricidadelectroga.com\/?page_id=57"},"modified":"2025-06-26T11:58:48","modified_gmt":"2025-06-26T09:58:48","slug":"servicios","status":"publish","type":"page","link":"https:\/\/electricidadelectroga.com\/en\/servicios\/","title":{"rendered":"Servicios"},"content":{"rendered":"<div class=\"fusion-fullwidth fullwidth-box fusion-builder-row-1 fusion-flex-container has-pattern-background has-mask-background nonhundred-percent-fullwidth non-hundred-percent-height-scrolling\" style=\"--awb-border-radius-top-left:0px;--awb-border-radius-top-right:0px;--awb-border-radius-bottom-right:0px;--awb-border-radius-bottom-left:0px;--awb-margin-bottom:20px;--awb-flex-wrap:wrap;\" ><div class=\"fusion-builder-row fusion-row fusion-flex-align-items-stretch fusion-flex-content-wrap\" style=\"max-width:1248px;margin-left: calc(-4% \/ 2 );margin-right: calc(-4% \/ 2 );\"><div class=\"fusion-layout-column fusion_builder_column fusion-builder-column-0 fusion_builder_column_1_2 1_2 fusion-flex-column\" style=\"--awb-padding-top:30px;--awb-padding-bottom:30px;--awb-bg-size:cover;--awb-width-large:50%;--awb-margin-top-large:50px;--awb-spacing-right-large:3.84%;--awb-margin-bottom-large:70px;--awb-spacing-left-large:3.84%;--awb-width-medium:50%;--awb-order-medium:0;--awb-spacing-right-medium:3.84%;--awb-spacing-left-medium:3.84%;--awb-width-small:100%;--awb-order-small:2;--awb-spacing-right-small:1.92%;--awb-spacing-left-small:1.92%;\"><div class=\"fusion-column-wrapper fusion-column-has-shadow fusion-flex-justify-content-flex-start fusion-content-layout-column\"><div class=\"fusion-title title fusion-title-1 fusion-sep-none fusion-title-text fusion-title-size-two line\" style=\"--awb-font-size:var(--awb-typography3-font-size);\"><h2 class=\"fusion-title-heading title-heading-left fusion-responsive-typography-calculated\" style=\"font-family:var(--awb-typography3-font-family);font-weight:var(--awb-typography3-font-weight);font-style:var(--awb-typography3-font-style);margin:0;font-size:1em;letter-spacing:var(--awb-typography3-letter-spacing);text-transform:var(--awb-typography3-text-transform);--fontSize:17;--minFontSize:17;line-height:var(--awb-typography3-line-height);\">Instalaciones El\u00e9ctricas<\/h2><\/div><div class=\"fusion-text fusion-text-1 fusion-text-no-margin\" style=\"--awb-content-alignment:justify;--awb-margin-bottom:0px;\"><p>Ofrecemos servicios completos de instalaciones el\u00e9ctricas dise\u00f1ados para garantizar el m\u00e1ximo rendimiento y cumplir rigurosamente con todas las normativas vigentes. Ya sea para un proyecto residencial o comercial, nuestro equipo analiza cada detalle para asegurar resultados \u00f3ptimos y duraderos.<\/p>\n<\/div><\/div><\/div><div class=\"fusion-layout-column fusion_builder_column fusion-builder-column-1 fusion_builder_column_1_2 1_2 fusion-flex-column\" style=\"--awb-overflow:hidden;--awb-bg-image:url(&#039;https:\/\/electricidadelectroga.com\/wp-content\/uploads\/instalaciones-electricas-coruna.jpg&#039;);--awb-bg-position:center center;--awb-bg-size:cover;--awb-box-shadow:2px 2px 50px 0px hsla(var(--awb-color8-h),var(--awb-color8-s),var(--awb-color8-l),calc(var(--awb-color8-a) - 80%));;--awb-border-color:var(--awb-color5);--awb-border-style:solid;--awb-border-radius:20px 20px 20px 20px;--awb-width-large:50%;--awb-margin-top-large:0px;--awb-spacing-right-large:3.84%;--awb-margin-bottom-large:20px;--awb-spacing-left-large:3.84%;--awb-width-medium:50%;--awb-order-medium:0;--awb-spacing-right-medium:3.84%;--awb-spacing-left-medium:3.84%;--awb-width-small:100%;--awb-order-small:1;--awb-spacing-right-small:1.92%;--awb-spacing-left-small:1.92%;\"><div class=\"fusion-column-wrapper fusion-column-has-shadow fusion-flex-justify-content-flex-start fusion-content-layout-column fusion-empty-column-bg-image fusion-column-has-bg-image\" data-bg-url=\"https:\/\/electricidadelectroga.com\/wp-content\/uploads\/instalaciones-electricas-coruna.jpg\"><img decoding=\"async\" class=\"fusion-empty-dims-img-placeholder fusion-no-large-visibility fusion-no-medium-visibility\" alt=\"Instalaciones el\u00e9ctricas en Coru\u00f1a, Espa\u00f1a\" aria-label=\"instalaciones-electricas-coruna\" src=\"data:image\/svg+xml,%3Csvg%20xmlns%3D%27http%3A%2F%2Fwww.w3.org%2F2000%2Fsvg%27%20width%3D%27840%27%20height%3D%27350%27%20viewBox%3D%270%200%20840%20350%27%3E%3Crect%20width%3D%27840%27%20height%3D%27350%27%20fill-opacity%3D%220%22%2F%3E%3C%2Fsvg%3E\"><\/div><\/div><div class=\"fusion-layout-column fusion_builder_column fusion-builder-column-2 fusion_builder_column_1_2 1_2 fusion-flex-column\" style=\"--awb-overflow:hidden;--awb-bg-image:url(&#039;https:\/\/electricidadelectroga.com\/wp-content\/uploads\/reemplazar-iluminacion-led-halogena.jpg&#039;);--awb-bg-position:center center;--awb-bg-size:cover;--awb-box-shadow:2px 2px 50px 0px hsla(var(--awb-color8-h),var(--awb-color8-s),var(--awb-color8-l),calc(var(--awb-color8-a) - 80%));;--awb-border-color:var(--awb-color5);--awb-border-style:solid;--awb-border-radius:20px 20px 20px 20px;--awb-width-large:50%;--awb-margin-top-large:0px;--awb-spacing-right-large:3.84%;--awb-margin-bottom-large:20px;--awb-spacing-left-large:3.84%;--awb-width-medium:50%;--awb-order-medium:0;--awb-spacing-right-medium:3.84%;--awb-spacing-left-medium:3.84%;--awb-width-small:100%;--awb-order-small:3;--awb-spacing-right-small:1.92%;--awb-spacing-left-small:1.92%;\"><div class=\"fusion-column-wrapper fusion-column-has-shadow fusion-flex-justify-content-flex-start fusion-content-layout-column fusion-empty-column-bg-image fusion-column-has-bg-image\" data-bg-url=\"https:\/\/electricidadelectroga.com\/wp-content\/uploads\/reemplazar-iluminacion-led-halogena.jpg\"><img decoding=\"async\" class=\"fusion-empty-dims-img-placeholder fusion-no-large-visibility fusion-no-medium-visibility\" alt=\"Reemplazar luminarias halogenas por led\" aria-label=\"reemplazar-iluminacion-led-halogena\" src=\"data:image\/svg+xml,%3Csvg%20xmlns%3D%27http%3A%2F%2Fwww.w3.org%2F2000%2Fsvg%27%20width%3D%27370%27%20height%3D%27350%27%20viewBox%3D%270%200%20370%20350%27%3E%3Crect%20width%3D%27370%27%20height%3D%27350%27%20fill-opacity%3D%220%22%2F%3E%3C%2Fsvg%3E\"><\/div><\/div><div class=\"fusion-layout-column fusion_builder_column fusion-builder-column-3 fusion_builder_column_1_2 1_2 fusion-flex-column\" style=\"--awb-padding-top:30px;--awb-padding-bottom:30px;--awb-bg-size:cover;--awb-width-large:50%;--awb-margin-top-large:50px;--awb-spacing-right-large:3.84%;--awb-margin-bottom-large:70px;--awb-spacing-left-large:3.84%;--awb-width-medium:50%;--awb-order-medium:0;--awb-spacing-right-medium:3.84%;--awb-spacing-left-medium:3.84%;--awb-width-small:100%;--awb-order-small:4;--awb-spacing-right-small:1.92%;--awb-spacing-left-small:1.92%;\"><div class=\"fusion-column-wrapper fusion-column-has-shadow fusion-flex-justify-content-flex-start fusion-content-layout-column\"><div class=\"fusion-title title fusion-title-2 fusion-sep-none fusion-title-text fusion-title-size-two line\" style=\"--awb-font-size:var(--awb-typography3-font-size);\"><h2 class=\"fusion-title-heading title-heading-left fusion-responsive-typography-calculated\" style=\"font-family:var(--awb-typography3-font-family);font-weight:var(--awb-typography3-font-weight);font-style:var(--awb-typography3-font-style);margin:0;font-size:1em;letter-spacing:var(--awb-typography3-letter-spacing);text-transform:var(--awb-typography3-text-transform);--fontSize:17;--minFontSize:17;line-height:var(--awb-typography3-line-height);\">Iluminaci\u00f3n LED<\/h2><\/div><div class=\"fusion-text fusion-text-2 fusion-text-no-margin\" style=\"--awb-content-alignment:justify;--awb-margin-bottom:0px;\"><p>La iluminaci\u00f3n LED es sin\u00f3nimo de ahorro energ\u00e9tico, versatilidad y dise\u00f1o.<br \/>\nTe asesoramos en la selecci\u00f3n de soluciones que no solo optimizan tu consumo, sino que tambi\u00e9n realzan la est\u00e9tica de cada ambiente, aportando un toque moderno que resalta cualquier espacio.<\/p>\n<\/div><\/div><\/div><div class=\"fusion-layout-column fusion_builder_column fusion-builder-column-4 fusion_builder_column_1_2 1_2 fusion-flex-column\" style=\"--awb-padding-top:30px;--awb-padding-bottom:30px;--awb-bg-size:cover;--awb-width-large:50%;--awb-margin-top-large:50px;--awb-spacing-right-large:3.84%;--awb-margin-bottom-large:70px;--awb-spacing-left-large:3.84%;--awb-width-medium:50%;--awb-order-medium:0;--awb-spacing-right-medium:3.84%;--awb-spacing-left-medium:3.84%;--awb-width-small:100%;--awb-order-small:6;--awb-spacing-right-small:1.92%;--awb-spacing-left-small:1.92%;\"><div class=\"fusion-column-wrapper fusion-column-has-shadow fusion-flex-justify-content-flex-start fusion-content-layout-column\"><div class=\"fusion-title title fusion-title-3 fusion-sep-none fusion-title-text fusion-title-size-two line\" style=\"--awb-font-size:var(--awb-typography3-font-size);\"><h2 class=\"fusion-title-heading title-heading-left fusion-responsive-typography-calculated\" style=\"font-family:var(--awb-typography3-font-family);font-weight:var(--awb-typography3-font-weight);font-style:var(--awb-typography3-font-style);margin:0;font-size:1em;letter-spacing:var(--awb-typography3-letter-spacing);text-transform:var(--awb-typography3-text-transform);--fontSize:17;--minFontSize:17;line-height:var(--awb-typography3-line-height);\">Antenas de TV<\/h2><\/div><div class=\"fusion-text fusion-text-3 fusion-text-no-margin\" style=\"--awb-content-alignment:justify;--awb-margin-bottom:0px;\"><p>Si buscas una experiencia visual sin interrupciones, nuestras antenas de TV son tu mejor opci\u00f3n.<br \/>\nCon tecnolog\u00eda de vanguardia, garantizamos una recepci\u00f3n n\u00edtida y estable, para que no te pierdas ni un instante de tus programas y eventos favoritos.<\/p>\n<\/div><\/div><\/div><div class=\"fusion-layout-column fusion_builder_column fusion-builder-column-5 fusion_builder_column_1_2 1_2 fusion-flex-column\" style=\"--awb-overflow:hidden;--awb-bg-image:url(&#039;https:\/\/electricidadelectroga.com\/wp-content\/uploads\/colocar-antena-tv-galicia.jpg&#039;);--awb-bg-position:center center;--awb-bg-size:cover;--awb-box-shadow:2px 2px 50px 0px hsla(var(--awb-color8-h),var(--awb-color8-s),var(--awb-color8-l),calc(var(--awb-color8-a) - 80%));;--awb-border-color:var(--awb-color5);--awb-border-style:solid;--awb-border-radius:20px 20px 20px 20px;--awb-width-large:50%;--awb-margin-top-large:0px;--awb-spacing-right-large:3.84%;--awb-margin-bottom-large:20px;--awb-spacing-left-large:3.84%;--awb-width-medium:50%;--awb-order-medium:0;--awb-spacing-right-medium:3.84%;--awb-spacing-left-medium:3.84%;--awb-width-small:100%;--awb-order-small:5;--awb-spacing-right-small:1.92%;--awb-spacing-left-small:1.92%;\"><div class=\"fusion-column-wrapper fusion-column-has-shadow fusion-flex-justify-content-flex-start fusion-content-layout-column fusion-empty-column-bg-image fusion-column-has-bg-image\" data-bg-url=\"https:\/\/electricidadelectroga.com\/wp-content\/uploads\/colocar-antena-tv-galicia.jpg\"><img decoding=\"async\" class=\"fusion-empty-dims-img-placeholder fusion-no-large-visibility fusion-no-medium-visibility\" alt=\"Colocaci\u00f3n de antenas de TV en Galicia\" aria-label=\"colocar-antena-tv-galicia\" src=\"data:image\/svg+xml,%3Csvg%20xmlns%3D%27http%3A%2F%2Fwww.w3.org%2F2000%2Fsvg%27%20width%3D%27370%27%20height%3D%27350%27%20viewBox%3D%270%200%20370%20350%27%3E%3Crect%20width%3D%27370%27%20height%3D%27350%27%20fill-opacity%3D%220%22%2F%3E%3C%2Fsvg%3E\"><\/div><\/div><div class=\"fusion-layout-column fusion_builder_column fusion-builder-column-6 fusion_builder_column_1_2 1_2 fusion-flex-column\" style=\"--awb-overflow:hidden;--awb-bg-image:url(&#039;https:\/\/electricidadelectroga.com\/wp-content\/uploads\/reparar-portero-automatico-edificio.jpg&#039;);--awb-bg-position:center center;--awb-bg-size:cover;--awb-box-shadow:2px 2px 50px 0px hsla(var(--awb-color8-h),var(--awb-color8-s),var(--awb-color8-l),calc(var(--awb-color8-a) - 80%));;--awb-border-color:var(--awb-color5);--awb-border-style:solid;--awb-border-radius:20px 20px 20px 20px;--awb-width-large:50%;--awb-margin-top-large:0px;--awb-spacing-right-large:3.84%;--awb-margin-bottom-large:20px;--awb-spacing-left-large:3.84%;--awb-width-medium:50%;--awb-order-medium:0;--awb-spacing-right-medium:3.84%;--awb-spacing-left-medium:3.84%;--awb-width-small:100%;--awb-order-small:7;--awb-spacing-right-small:1.92%;--awb-spacing-left-small:1.92%;\"><div class=\"fusion-column-wrapper fusion-column-has-shadow fusion-flex-justify-content-flex-start fusion-content-layout-column fusion-empty-column-bg-image fusion-column-has-bg-image\" data-bg-url=\"https:\/\/electricidadelectroga.com\/wp-content\/uploads\/reparar-portero-automatico-edificio.jpg\"><img decoding=\"async\" class=\"fusion-empty-dims-img-placeholder fusion-no-large-visibility fusion-no-medium-visibility\" alt=\"Reparaci\u00f3n de porteros autom\u00e1ticos de edificios\" aria-label=\"reparar-portero-automatico-edificio\" src=\"data:image\/svg+xml,%3Csvg%20xmlns%3D%27http%3A%2F%2Fwww.w3.org%2F2000%2Fsvg%27%20width%3D%27370%27%20height%3D%27350%27%20viewBox%3D%270%200%20370%20350%27%3E%3Crect%20width%3D%27370%27%20height%3D%27350%27%20fill-opacity%3D%220%22%2F%3E%3C%2Fsvg%3E\"><\/div><\/div><div class=\"fusion-layout-column fusion_builder_column fusion-builder-column-7 fusion_builder_column_1_2 1_2 fusion-flex-column\" style=\"--awb-padding-top:30px;--awb-padding-bottom:30px;--awb-bg-size:cover;--awb-width-large:50%;--awb-margin-top-large:50px;--awb-spacing-right-large:3.84%;--awb-margin-bottom-large:70px;--awb-spacing-left-large:3.84%;--awb-width-medium:50%;--awb-order-medium:0;--awb-spacing-right-medium:3.84%;--awb-spacing-left-medium:3.84%;--awb-width-small:100%;--awb-order-small:8;--awb-spacing-right-small:1.92%;--awb-spacing-left-small:1.92%;\"><div class=\"fusion-column-wrapper fusion-column-has-shadow fusion-flex-justify-content-flex-start fusion-content-layout-column\"><div class=\"fusion-title title fusion-title-4 fusion-sep-none fusion-title-text fusion-title-size-two line\" style=\"--awb-font-size:var(--awb-typography3-font-size);\"><h2 class=\"fusion-title-heading title-heading-left fusion-responsive-typography-calculated\" style=\"font-family:var(--awb-typography3-font-family);font-weight:var(--awb-typography3-font-weight);font-style:var(--awb-typography3-font-style);margin:0;font-size:1em;letter-spacing:var(--awb-typography3-letter-spacing);text-transform:var(--awb-typography3-text-transform);--fontSize:17;--minFontSize:17;line-height:var(--awb-typography3-line-height);\">Porteros Autom\u00e1ticos<\/h2><\/div><div class=\"fusion-text fusion-text-4 fusion-text-no-margin\" style=\"--awb-content-alignment:justify;--awb-margin-bottom:0px;\"><p>Si buscas una experiencia visual sin interrupciones, nuestras antenas de TV son tu mejor opci\u00f3n.<br \/>\nCon tecnolog\u00eda de vanguardia, garantizamos una recepci\u00f3n n\u00edtida y estable, para que no te pierdas ni un instante de tus programas y eventos favoritos.<\/p>\n<\/div><\/div><\/div><\/div><\/div>","protected":false},"excerpt":{"rendered":"","protected":false},"author":1,"featured_media":0,"parent":0,"menu_order":0,"comment_status":"closed","ping_status":"closed","template":"100-width.php","meta":{"footnotes":""},"class_list":["post-57","page","type-page","status-publish","hentry"],"_links":{"self":[{"href":"https:\/\/electricidadelectroga.com\/en\/wp-json\/wp\/v2\/pages\/57","targetHints":{"allow":["GET"]}}],"collection":[{"href":"https:\/\/electricidadelectroga.com\/en\/wp-json\/wp\/v2\/pages"}],"about":[{"href":"https:\/\/electricidadelectroga.com\/en\/wp-json\/wp\/v2\/types\/page"}],"author":[{"embeddable":true,"href":"https:\/\/electricidadelectroga.com\/en\/wp-json\/wp\/v2\/users\/1"}],"replies":[{"embeddable":true,"href":"https:\/\/electricidadelectroga.com\/en\/wp-json\/wp\/v2\/comments?post=57"}],"version-history":[{"count":14,"href":"https:\/\/electricidadelectroga.com\/en\/wp-json\/wp\/v2\/pages\/57\/revisions"}],"predecessor-version":[{"id":320,"href":"https:\/\/electricidadelectroga.com\/en\/wp-json\/wp\/v2\/pages\/57\/revisions\/320"}],"wp:attachment":[{"href":"https:\/\/electricidadelectroga.com\/en\/wp-json\/wp\/v2\/media?parent=57"}],"curies":[{"name":"wp","href":"https:\/\/api.w.org\/{rel}","templated":true}]}}